{"id":286,"date":"2023-01-26T12:11:56","date_gmt":"2023-01-26T11:11:56","guid":{"rendered":"https:\/\/innoecolab.webs.upv.es\/?page_id=286"},"modified":"2023-02-03T11:51:13","modified_gmt":"2023-02-03T10:51:13","slug":"politica-de-privacidad","status":"publish","type":"page","link":"https:\/\/innoecolab.webs.upv.es\/en\/politica-de-privacidad\/","title":{"rendered":"Privacy Policy"},"content":{"rendered":"<p>[et_pb_section fb_built=\u00bb1&#8243; _builder_version=\u00bb4.19.4&#8243; _module_preset=\u00bbdefault\u00bb global_colors_info=\u00bb{}\u00bb][et_pb_row _builder_version=\u00bb4.19.4&#8243; _module_preset=\u00bbdefault\u00bb global_colors_info=\u00bb{}\u00bb][et_pb_column type=\u00bb4_4&#8243; _builder_version=\u00bb4.19.4&#8243; _module_preset=\u00bbdefault\u00bb global_colors_info=\u00bb{}\u00bb][et_pb_text _builder_version=\u00bb4.19.4&#8243; _module_preset=\u00bbdefault\u00bb hover_enabled=\u00bb0&#8243; global_colors_info=\u00bb{}\u00bb sticky_enabled=\u00bb0&#8243;]<\/p>\n<h2 style=\"text-align: justify;\">Pol\u00edtica de privacidad<\/h2>\n<p style=\"text-align: justify;\">Siguiendo los principios de licitud, lealtad y transparencia, ponemos a su disposici\u00f3n la presente Pol\u00edtica de Privacidad.<\/p>\n<p style=\"text-align: justify;\"><strong>\u00bfQui\u00e9n es el Responsable del tratamiento de sus datos?\u00a0<\/strong><\/p>\n<p style=\"text-align: justify;\">Universitat Polit\u00e8cnica de Val\u00e8ncia<\/p>\n<p style=\"text-align: justify;\">CIF Q4618002B<\/p>\n<div class=\"\" style=\"text-align: justify;\">CAMINO DE VERA s\/n 46022 VALENCIA<\/div>\n<p style=\"text-align: justify;\">Email: <a href=\"mailto:innoecolab@gmail.com\">innoecolab@gmail.com<\/a><\/p>\n<p style=\"text-align: justify;\"><strong><\/strong><\/p>\n<p style=\"text-align: justify;\"><strong>\u00bfCon qu\u00e9 finalidad tratamos sus datos personales?\u00a0<\/strong><\/p>\n<p style=\"text-align: justify;\">En <a href=\"https:\/\/innoecolab.webs.upv.es\/\"><strong>InnoecoLab<\/strong><\/a>\u00a0tratamos la informaci\u00f3n que nos facilita con la finalidad de gestionar la relaci\u00f3n contractual que nos une, gestionar el env\u00edo de la informaci\u00f3n que nos solicita, facilitar a los interesados ofertas de nuestros servicios y\/o productos de su inter\u00e9s y\/o gestionar su candidatura.<\/p>\n<p style=\"text-align: justify;\"><strong><\/strong><\/p>\n<p style=\"text-align: justify;\"><strong>\u00bfPor cu\u00e1nto tiempo conservaremos sus datos personales?\u00a0<\/strong><\/p>\n<p style=\"text-align: justify;\">Sus datos, ser\u00e1n conservados el tiempo m\u00ednimo necesario para lacorrecta prestaci\u00f3n del servicio ofrecido as\u00ed como para atender las responsabilidades que se pudieran derivar del mismo y de cualquier otra exigencia legal.<\/p>\n<p style=\"text-align: justify;\"><strong><\/strong><\/p>\n<p style=\"text-align: justify;\"><strong>\u00bfCu\u00e1l es la legitimaci\u00f3n para el tratamiento de sus datos?\u00a0<\/strong><\/p>\n<p style=\"text-align: justify;\">La base legal para el tratamiento de sus datos personales puede ser la ejecuci\u00f3n de una relaci\u00f3n contractual potencial y\/o suscrita, el inter\u00e9s leg\u00edtimo, la habilitaci\u00f3n legal y\/o el consentimiento del propio interesado. Los datos que le solicitamos son adecuados, pertinentes y estrictamente necesarios y en ning\u00fan caso est\u00e1 obligado afacilit\u00e1rnoslos, pero su no comunicaci\u00f3n podr\u00e1 afectar a la finalidaddel servicio o la imposibilidad de prestarlo.<\/p>\n<p style=\"text-align: justify;\"><strong><\/strong><\/p>\n<p style=\"text-align: justify;\"><strong>\u00bfA qu\u00e9 destinatarios se comunicar\u00e1n sus datos?\u00a0<\/strong><\/p>\n<p style=\"text-align: justify;\">InnoecoLab no comunicar\u00e1 sus datos a ning\u00fan tercero, salvo que se informe de ello expresamente.<\/p>\n<p style=\"text-align: justify;\"><strong><\/strong><\/p>\n<p style=\"text-align: justify;\"><strong>\u00bfCu\u00e1les son sus derechos cuando nos facilita sus datos?\u00a0<\/strong><\/p>\n<p style=\"text-align: justify;\">Los derechos de protecci\u00f3n de datos de los que son titulares los interesados son:<\/p>\n<ul style=\"text-align: justify;\">\n<li>Derecho a solicitar el acceso a los datos personales relativos al interesado<\/li>\n<li>Derecho de rectificaci\u00f3n o supresi\u00f3n<\/li>\n<li>Derecho de oposici\u00f3n<\/li>\n<li>Derecho a solicitar la limitaci\u00f3n de su tratamiento<\/li>\n<li>Derecho a la portabilidad de los datos<\/li>\n<\/ul>\n<p style=\"text-align: justify;\">Los titulares de los datos personales obtenidos, podr\u00e1n ejercer susderechos de protecci\u00f3n de datos personales dirigiendo una comunicaci\u00f3npor escrito al domicilio social de Universitat Polit\u00e8cnica de Val\u00e8ncia o al correo electr\u00f3nico habilitado a tal efecto, \u00a0, incluyendo en ambos casos fotocopia de su DNI u otro documento de identificaci\u00f3n equivalente.<\/p>\n<p style=\"text-align: justify;\">Modelos, formularios y m\u00e1s informaci\u00f3n disponible sobre sus derechos en la p\u00e1gina web de la autoridad de control nacional, Agencia Espa\u00f1olade Protecci\u00f3n de Datos, en adelante, AEPD,<span>\u00a0<\/span><a href=\"http:\/\/www.agpd.es\/\"><strong>www.agpd.es<\/strong><\/a><\/p>\n<p style=\"text-align: justify;\"><strong><\/strong><\/p>\n<p style=\"text-align: justify;\"><strong>\u00bfPuedo retirar el consentimiento?\u00a0<\/strong><\/p>\n<p style=\"text-align: justify;\">Usted tiene la posibilidad y el derecho a retirar el consentimientopara cualquiera finalidad espec\u00edfica otorgada en su momento, sin queello afecte a la licitud del tratamiento basado en el consentimientoprevio a su retirada.<\/p>\n<p style=\"text-align: justify;\"><strong><\/strong><\/p>\n<p style=\"text-align: justify;\"><strong>\u00bfD\u00f3nde puedo reclamar en caso de que considere que no se tratan mis datos correctamente?\u00a0<\/strong><\/p>\n<p style=\"text-align: justify;\">Si alg\u00fan interesado considera que sus datos no son tratado scorrectamente por <a href=\"https:\/\/innoecolab.webs.upv.es\/\"><strong>InnoecoLab<\/strong> <\/a>puede dirigir susreclamaciones al correo <a href=\"mailto:innoecolab@gmail.com\">innoecolab@gmail.com<\/a> o a la autoridad de protecci\u00f3n de datos que corresponda, siendo la AEPD la indicada en el territorio nacional,<span>\u00a0<\/span><a href=\"http:\/\/www.agpd.es\/\">www.agpd.es<\/a><\/p>\n<p style=\"text-align: justify;\"><strong><\/strong><\/p>\n<p style=\"text-align: justify;\"><strong>Seguridad y actualizaci\u00f3n de sus datos personales\u00a0<\/strong><\/p>\n<p style=\"text-align: justify;\">Con el objetivo de salvaguardar la seguridad de sus datos personales, le informamos que <a href=\"https:\/\/innoecolab.webs.upv.es\/\"><strong>InnoecoLab<\/strong><\/a> ha adoptado todas las medidas de \u00edndole t\u00e9cnica y organizativa necesarias para garantizar la seguridad de los datos personales suministrados. Todo ello para evitar su alteraci\u00f3n, p\u00e9rdida, y\/o tratamientos o accesos no autorizados, tal como exige la normativa, si bien la seguridad absoluta no existe.<\/p>\n<p style=\"text-align: justify;\">Es importante que, para que podamos mantener sus datos personales actualizados, nos informe siempre que se produzca una modificaci\u00f3n de los mismos.<\/p>\n<p style=\"text-align: justify;\"><strong><\/strong><\/p>\n<p style=\"text-align: justify;\"><strong>Confidencialidad\u00a0<\/strong><\/p>\n<p style=\"text-align: justify;\"><strong><a href=\"https:\/\/innoecolab.webs.upv.es\/\">InnoecoLab<\/a><\/strong> le informa que sus datos ser\u00e1n tratados con el m\u00e1ximo celo y confidencialidad por todo el personal que intervenga en cualquiera de las fases del tratamiento. No cederemos ni comunicaremos a ning\u00fan tercero sus datos, excepto en los casos legalmente previstos, o salvo que el interesado nos hubiera autorizado expresamente<strong>.<\/strong><\/p>\n<p>[\/et_pb_text][\/et_pb_column][\/et_pb_row][\/et_pb_section]<\/p>\n","protected":false},"excerpt":{"rendered":"<p>Pol\u00edtica de privacidad Siguiendo los principios de licitud, lealtad y transparencia, ponemos a su disposici\u00f3n la presente Pol\u00edtica de Privacidad. \u00bfQui\u00e9n es el Responsable del tratamiento de sus datos?\u00a0 Universitat Polit\u00e8cnica de Val\u00e8ncia CIF Q4618002B CAMINO DE VERA s\/n 46022 VALENCIA Email: innoecolab@gmail.com \u00bfCon qu\u00e9 finalidad tratamos sus datos personales?\u00a0 En InnoecoLab\u00a0tratamos la informaci\u00f3n que [&hellip;]<\/p>\n","protected":false},"author":2,"featured_media":0,"parent":0,"menu_order":13,"comment_status":"closed","ping_status":"closed","template":"","meta":{"_et_pb_use_builder":"on","_et_pb_old_content":"","_et_gb_content_width":"","_themeisle_gutenberg_block_has_review":false,"footnotes":""},"class_list":["post-286","page","type-page","status-publish","hentry"],"yoast_head":"<!-- This site is optimized with the Yoast SEO plugin v27.6 - https:\/\/yoast.com\/product\/yoast-seo-wordpress\/ -->\n<title>Pol\u00edtica de Privacidad - InnoecoLab<\/title>\n<meta name=\"robots\" content=\"index, follow, max-snippet:-1, max-image-preview:large, max-video-preview:-1\" \/>\n<link rel=\"canonical\" href=\"https:\/\/innoecolab.webs.upv.es\/en\/politica-de-privacidad\/\" \/>\n<meta property=\"og:locale\" content=\"en_GB\" \/>\n<meta property=\"og:type\" content=\"article\" \/>\n<meta property=\"og:title\" content=\"Pol\u00edtica de Privacidad - InnoecoLab\" \/>\n<meta property=\"og:description\" content=\"Pol\u00edtica de privacidad Siguiendo los principios de licitud, lealtad y transparencia, ponemos a su disposici\u00f3n la presente Pol\u00edtica de Privacidad. \u00bfQui\u00e9n es el Responsable del tratamiento de sus datos?\u00a0 Universitat Polit\u00e8cnica de Val\u00e8ncia CIF Q4618002B CAMINO DE VERA s\/n 46022 VALENCIA Email: innoecolab@gmail.com \u00bfCon qu\u00e9 finalidad tratamos sus datos personales?\u00a0 En InnoecoLab\u00a0tratamos la informaci\u00f3n que [&hellip;]\" \/>\n<meta property=\"og:url\" content=\"https:\/\/innoecolab.webs.upv.es\/en\/politica-de-privacidad\/\" \/>\n<meta property=\"og:site_name\" content=\"InnoecoLab\" \/>\n<meta property=\"article:modified_time\" content=\"2023-02-03T10:51:13+00:00\" \/>\n<meta name=\"twitter:card\" content=\"summary_large_image\" \/>\n<script type=\"application\/ld+json\" class=\"yoast-schema-graph\">{\"@context\":\"https:\\\/\\\/schema.org\",\"@graph\":[{\"@type\":\"WebPage\",\"@id\":\"https:\\\/\\\/innoecolab.webs.upv.es\\\/politica-de-privacidad\\\/\",\"url\":\"https:\\\/\\\/innoecolab.webs.upv.es\\\/politica-de-privacidad\\\/\",\"name\":\"Pol\u00edtica de Privacidad - InnoecoLab\",\"isPartOf\":{\"@id\":\"https:\\\/\\\/innoecolab.webs.upv.es\\\/#website\"},\"datePublished\":\"2023-01-26T11:11:56+00:00\",\"dateModified\":\"2023-02-03T10:51:13+00:00\",\"breadcrumb\":{\"@id\":\"https:\\\/\\\/innoecolab.webs.upv.es\\\/politica-de-privacidad\\\/#breadcrumb\"},\"inLanguage\":\"en-GB\",\"potentialAction\":[{\"@type\":\"ReadAction\",\"target\":[\"https:\\\/\\\/innoecolab.webs.upv.es\\\/politica-de-privacidad\\\/\"]}]},{\"@type\":\"BreadcrumbList\",\"@id\":\"https:\\\/\\\/innoecolab.webs.upv.es\\\/politica-de-privacidad\\\/#breadcrumb\",\"itemListElement\":[{\"@type\":\"ListItem\",\"position\":1,\"name\":\"Home\",\"item\":\"https:\\\/\\\/innoecolab.webs.upv.es\\\/\"},{\"@type\":\"ListItem\",\"position\":2,\"name\":\"Pol\u00edtica de Privacidad\"}]},{\"@type\":\"WebSite\",\"@id\":\"https:\\\/\\\/innoecolab.webs.upv.es\\\/#website\",\"url\":\"https:\\\/\\\/innoecolab.webs.upv.es\\\/\",\"name\":\"InnoecoLab\",\"description\":\"Laboratorio de Innovaci\u00f3n en Econom\u00eda Circular y Simbiosis Industrial\",\"publisher\":{\"@id\":\"https:\\\/\\\/innoecolab.webs.upv.es\\\/#organization\"},\"alternateName\":\"Laboratorio de Innovaci\u00f3n en Econom\u00eda Circular y Simbiosis Industrial\",\"potentialAction\":[{\"@type\":\"SearchAction\",\"target\":{\"@type\":\"EntryPoint\",\"urlTemplate\":\"https:\\\/\\\/innoecolab.webs.upv.es\\\/?s={search_term_string}\"},\"query-input\":{\"@type\":\"PropertyValueSpecification\",\"valueRequired\":true,\"valueName\":\"search_term_string\"}}],\"inLanguage\":\"en-GB\"},{\"@type\":\"Organization\",\"@id\":\"https:\\\/\\\/innoecolab.webs.upv.es\\\/#organization\",\"name\":\"InnoecoLAB\",\"alternateName\":\"Laboratorio de Innovaci\u00f3n en Econom\u00eda Circular y Simbiosis Industrial\",\"url\":\"https:\\\/\\\/innoecolab.webs.upv.es\\\/\",\"logo\":{\"@type\":\"ImageObject\",\"inLanguage\":\"en-GB\",\"@id\":\"https:\\\/\\\/innoecolab.webs.upv.es\\\/#\\\/schema\\\/logo\\\/image\\\/\",\"url\":\"https:\\\/\\\/innoecolab.webs.upv.es\\\/wp-content\\\/uploads\\\/2023\\\/01\\\/cropped-2023-INNEOLAB-ICONO-512px.png\",\"contentUrl\":\"https:\\\/\\\/innoecolab.webs.upv.es\\\/wp-content\\\/uploads\\\/2023\\\/01\\\/cropped-2023-INNEOLAB-ICONO-512px.png\",\"width\":512,\"height\":512,\"caption\":\"InnoecoLAB\"},\"image\":{\"@id\":\"https:\\\/\\\/innoecolab.webs.upv.es\\\/#\\\/schema\\\/logo\\\/image\\\/\"}}]}<\/script>\n<!-- \/ Yoast SEO plugin. -->","yoast_head_json":{"title":"Pol\u00edtica de Privacidad - InnoecoLab","robots":{"index":"index","follow":"follow","max-snippet":"max-snippet:-1","max-image-preview":"max-image-preview:large","max-video-preview":"max-video-preview:-1"},"canonical":"https:\/\/innoecolab.webs.upv.es\/en\/politica-de-privacidad\/","og_locale":"en_GB","og_type":"article","og_title":"Pol\u00edtica de Privacidad - InnoecoLab","og_description":"Pol\u00edtica de privacidad Siguiendo los principios de licitud, lealtad y transparencia, ponemos a su disposici\u00f3n la presente Pol\u00edtica de Privacidad. \u00bfQui\u00e9n es el Responsable del tratamiento de sus datos?\u00a0 Universitat Polit\u00e8cnica de Val\u00e8ncia CIF Q4618002B CAMINO DE VERA s\/n 46022 VALENCIA Email: innoecolab@gmail.com \u00bfCon qu\u00e9 finalidad tratamos sus datos personales?\u00a0 En InnoecoLab\u00a0tratamos la informaci\u00f3n que [&hellip;]","og_url":"https:\/\/innoecolab.webs.upv.es\/en\/politica-de-privacidad\/","og_site_name":"InnoecoLab","article_modified_time":"2023-02-03T10:51:13+00:00","twitter_card":"summary_large_image","schema":{"@context":"https:\/\/schema.org","@graph":[{"@type":"WebPage","@id":"https:\/\/innoecolab.webs.upv.es\/politica-de-privacidad\/","url":"https:\/\/innoecolab.webs.upv.es\/politica-de-privacidad\/","name":"Pol\u00edtica de Privacidad - InnoecoLab","isPartOf":{"@id":"https:\/\/innoecolab.webs.upv.es\/#website"},"datePublished":"2023-01-26T11:11:56+00:00","dateModified":"2023-02-03T10:51:13+00:00","breadcrumb":{"@id":"https:\/\/innoecolab.webs.upv.es\/politica-de-privacidad\/#breadcrumb"},"inLanguage":"en-GB","potentialAction":[{"@type":"ReadAction","target":["https:\/\/innoecolab.webs.upv.es\/politica-de-privacidad\/"]}]},{"@type":"BreadcrumbList","@id":"https:\/\/innoecolab.webs.upv.es\/politica-de-privacidad\/#breadcrumb","itemListElement":[{"@type":"ListItem","position":1,"name":"Home","item":"https:\/\/innoecolab.webs.upv.es\/"},{"@type":"ListItem","position":2,"name":"Pol\u00edtica de Privacidad"}]},{"@type":"WebSite","@id":"https:\/\/innoecolab.webs.upv.es\/#website","url":"https:\/\/innoecolab.webs.upv.es\/","name":"InnoecoLab","description":"Innovation Lab on Circular Economy and Industrial Symbiosis","publisher":{"@id":"https:\/\/innoecolab.webs.upv.es\/#organization"},"alternateName":"Laboratorio de Innovaci\u00f3n en Econom\u00eda Circular y Simbiosis Industrial","potentialAction":[{"@type":"SearchAction","target":{"@type":"EntryPoint","urlTemplate":"https:\/\/innoecolab.webs.upv.es\/?s={search_term_string}"},"query-input":{"@type":"PropertyValueSpecification","valueRequired":true,"valueName":"search_term_string"}}],"inLanguage":"en-GB"},{"@type":"Organization","@id":"https:\/\/innoecolab.webs.upv.es\/#organization","name":"InnoecoLAB","alternateName":"Laboratorio de Innovaci\u00f3n en Econom\u00eda Circular y Simbiosis Industrial","url":"https:\/\/innoecolab.webs.upv.es\/","logo":{"@type":"ImageObject","inLanguage":"en-GB","@id":"https:\/\/innoecolab.webs.upv.es\/#\/schema\/logo\/image\/","url":"https:\/\/innoecolab.webs.upv.es\/wp-content\/uploads\/2023\/01\/cropped-2023-INNEOLAB-ICONO-512px.png","contentUrl":"https:\/\/innoecolab.webs.upv.es\/wp-content\/uploads\/2023\/01\/cropped-2023-INNEOLAB-ICONO-512px.png","width":512,"height":512,"caption":"InnoecoLAB"},"image":{"@id":"https:\/\/innoecolab.webs.upv.es\/#\/schema\/logo\/image\/"}}]}},"_links":{"self":[{"href":"https:\/\/innoecolab.webs.upv.es\/en\/wp-json\/wp\/v2\/pages\/286","targetHints":{"allow":["GET"]}}],"collection":[{"href":"https:\/\/innoecolab.webs.upv.es\/en\/wp-json\/wp\/v2\/pages"}],"about":[{"href":"https:\/\/innoecolab.webs.upv.es\/en\/wp-json\/wp\/v2\/types\/page"}],"author":[{"embeddable":true,"href":"https:\/\/innoecolab.webs.upv.es\/en\/wp-json\/wp\/v2\/users\/2"}],"replies":[{"embeddable":true,"href":"https:\/\/innoecolab.webs.upv.es\/en\/wp-json\/wp\/v2\/comments?post=286"}],"version-history":[{"count":6,"href":"https:\/\/innoecolab.webs.upv.es\/en\/wp-json\/wp\/v2\/pages\/286\/revisions"}],"predecessor-version":[{"id":690,"href":"https:\/\/innoecolab.webs.upv.es\/en\/wp-json\/wp\/v2\/pages\/286\/revisions\/690"}],"wp:attachment":[{"href":"https:\/\/innoecolab.webs.upv.es\/en\/wp-json\/wp\/v2\/media?parent=286"}],"curies":[{"name":"wp","href":"https:\/\/api.w.org\/{rel}","templated":true}]}}